{"id":3802,"date":"2021-10-04T18:30:12","date_gmt":"2021-10-04T18:30:12","guid":{"rendered":"https:\/\/sp2przemkow.pl\/?page_id=3802"},"modified":"2021-10-04T19:26:30","modified_gmt":"2021-10-04T19:26:30","slug":"deklaracja-dostepnosci","status":"publish","type":"page","link":"https:\/\/sp2przemkow.pl\/?page_id=3802","title":{"rendered":"Deklaracja dostepnosci"},"content":{"rendered":"\t\t<div data-elementor-type=\"wp-page\" data-elementor-id=\"3802\" class=\"elementor elementor-3802\" data-elementor-settings=\"[]\">\n\t\t\t\t\t\t\t<div class=\"elementor-section-wrap\">\n\t\t\t\t\t\t\t<section class=\"elementor-section elementor-top-section elementor-element elementor-element-651439b7 elementor-section-boxed elementor-section-height-default elementor-section-height-default\" data-id=\"651439b7\" data-element_type=\"section\">\n\t\t\t\t\t\t<div class=\"elementor-container elementor-column-gap-default\">\n\t\t\t\t\t<div class=\"elementor-column elementor-col-100 elementor-top-column elementor-element elementor-element-6c479087\" data-id=\"6c479087\" data-element_type=\"column\">\n\t\t\t<div class=\"elementor-widget-wrap elementor-element-populated\">\n\t\t\t\t\t\t\t\t<div class=\"elementor-element elementor-element-4944f87c elementor-widget elementor-widget-heading\" data-id=\"4944f87c\" data-element_type=\"widget\" data-widget_type=\"heading.default\">\n\t\t\t\t<div class=\"elementor-widget-container\">\n\t\t\t<h2 class=\"elementor-heading-title elementor-size-default\">Deklaracja dost\u0119pno\u015bci<\/h2>\t\t<\/div>\n\t\t\t\t<\/div>\n\t\t\t\t\t<\/div>\n\t\t<\/div>\n\t\t\t\t\t\t\t<\/div>\n\t\t<\/section>\n\t\t\t\t<section class=\"elementor-section elementor-top-section elementor-element elementor-element-3bab1c16 elementor-section-boxed elementor-section-height-default elementor-section-height-default\" data-id=\"3bab1c16\" data-element_type=\"section\">\n\t\t\t\t\t\t<div class=\"elementor-container elementor-column-gap-default\">\n\t\t\t\t\t<div class=\"elementor-column elementor-col-100 elementor-top-column elementor-element elementor-element-3e3dcc60\" data-id=\"3e3dcc60\" data-element_type=\"column\">\n\t\t\t<div class=\"elementor-widget-wrap elementor-element-populated\">\n\t\t\t\t\t\t\t\t<div class=\"elementor-element elementor-element-6fe61c99 elementor-widget-divider--view-line elementor-widget elementor-widget-divider\" data-id=\"6fe61c99\" data-element_type=\"widget\" data-widget_type=\"divider.default\">\n\t\t\t\t<div class=\"elementor-widget-container\">\n\t\t\t\t\t<div class=\"elementor-divider\">\n\t\t\t<span class=\"elementor-divider-separator\">\n\t\t\t\t\t\t<\/span>\n\t\t<\/div>\n\t\t\t\t<\/div>\n\t\t\t\t<\/div>\n\t\t\t\t\t<\/div>\n\t\t<\/div>\n\t\t\t\t\t\t\t<\/div>\n\t\t<\/section>\n\t\t\t\t<section class=\"elementor-section elementor-top-section elementor-element elementor-element-1e90a6d3 elementor-section-boxed elementor-section-height-default elementor-section-height-default\" data-id=\"1e90a6d3\" data-element_type=\"section\">\n\t\t\t\t\t\t<div class=\"elementor-container elementor-column-gap-default\">\n\t\t\t\t\t<div class=\"elementor-column elementor-col-100 elementor-top-column elementor-element elementor-element-2aa087f0\" data-id=\"2aa087f0\" data-element_type=\"column\">\n\t\t\t<div class=\"elementor-widget-wrap elementor-element-populated\">\n\t\t\t\t\t\t\t\t<div class=\"elementor-element elementor-element-5029646f elementor-widget elementor-widget-text-editor\" data-id=\"5029646f\" data-element_type=\"widget\" data-widget_type=\"text-editor.default\">\n\t\t\t\t<div class=\"elementor-widget-container\">\n\t\t\t\t\t\t\t\t<h2><span style=\"color: #294a70;font-size:16px;\"><b>Wst\u0119p<\/b><\/span><\/h2><br>\n<p style=\"text-align: justify;\">Szko\u0142a Podstawowa nr 2 im. Wojska Polskiego w Przemkowie\u00a0zobowi\u0105zuje si\u0119 zapewni\u0107 dost\u0119pno\u015b\u0107 swojej strony internetowej zgodnie z przepisami ustawy z dnia 4 kwietnia 2019 r. o dost\u0119pno\u015bci cyfrowej stron internetowych i aplikacji mobilnych podmiot\u00f3w publicznych. O\u015bwiadczenie w sprawie dost\u0119pno\u015bci ma zastosowanie do strony internetowej <a href=\"https:\/\/sp2przemkow.pl\/\">https:\/\/sp2przemkow.pl<\/a><\/p>\n<ul>\n<li>Data publikacji strony internetowej:\u00a016.03.2009 r.<\/li>\n<li>Data ostatniej istotnej aktualizacji:\u00a007.08.2021 r.<\/li>\n<\/ul><br>\n<h2><span style=\"color: #294a70;font-size:16px;\"><b>Status pod wzgl\u0119dem zgodno\u015bci z ustaw\u0105<\/b><\/span><\/h2><br>\n<p style=\"text-align: justify;\">Strona internetowa jest cz\u0119\u015bciowo zgodna z ustaw\u0105 z dnia 4 kwietnia 2019 r. o dost\u0119pno\u015bci cyfrowej stron internetowych i aplikacji mobilnych podmiot\u00f3w publicznych z powodu niezgodno\u015bci lub wy\u0142\u0105cze\u0144 wymienionych poni\u017cej:<\/p>\n<ul>\n<li>filmy nie posiadaj\u0105 napis\u00f3w dla os\u00f3b g\u0142uchych<\/li>\n<li>niekt\u00f3re zdj\u0119cia \/ grafiki nie posiadaj\u0105 pe\u0142nych opis\u00f3w alternatywnych<\/li>\n<li>brak dost\u0119pno\u015bci lub niepe\u0142na dost\u0119pno\u015b\u0107 plik\u00f3w za\u0142\u0105cznik\u00f3w w formacie PDF<\/li>\n<li>cz\u0119\u015b\u0107 plik\u00f3w\u00a0 nie\u00a0 jest\u00a0 dost\u0119pnych\u00a0 cyfrowo<\/li>\n<\/ul><br>\n<h2><span style=\"color: #294a70;font-size:16px\"><b>Informacje dodatkowe<\/b><\/span><\/h2><br>\n<p style=\"text-align: justify;\">Witryna szko\u0142y posiada narz\u0119dzie u\u0142atwie\u0144 dost\u0119pu (zawsze widoczna ikona po lewej stronie od logo szko\u0142y) a w nim:<\/p>\n<ul>\n<li>podwy\u017cszony kontrast<\/li>\n<li>mo\u017cliwo\u015b\u0107 powi\u0119kszenia liter<\/li>\n<li>pod\u015bwietlane linki<\/li>\n<li>skala szaro\u015bci<\/li>\n<li>jasne t\u0142o<\/li>\n<\/ul>\n<p>Na stronie internetowej mo\u017cna u\u017cywa\u0107 standardowych skr\u00f3t\u00f3w klawiaturowych przegl\u0105darki.<\/p><br>\n<h2><span style=\"color: #294a70;font-size:16px\"><b>Data sporz\u0105dzenia deklaracji<\/b><\/span><\/h2><br>\n<p>Deklaracj\u0119\u00a0 sporz\u0105dzono dnia\u00a031.03.2021 r.<\/p>\n<p style=\"text-align: justify;\">Deklaracj\u0119\u00a0 sporz\u0105dzono na\u00a0 podstawie samooceny przeprowadzonej przez\u00a0 pracownika\u00a0 Szko\u0142y Podstawowej nr 2 im. Wojska Polskiego w Przemkowie.<\/p><br>\n<h2><span style=\"color: #294a70;font-size:16px\"><b>Kontakt i informacje zwrotne<\/b><\/span><\/h2><br>\n<p>W przypadku problem\u00f3w z dost\u0119pno\u015bci\u0105 strony internetowej prosimy o kontakt.<\/p>\n<p>Osoba Kontaktowa: Wanda Ejsmont<\/p>\n<ul>\n<li>adres e-mail: wandaejsmont51@wp.pl<\/li>\n<li>telefon: 76 8310 04 20.<\/li>\n<\/ul>\n<p style=\"text-align: justify;\">T\u0105 sam\u0105 drog\u0105 mo\u017cna sk\u0142ada\u0107 wnioski o udost\u0119pnienie informacji niedost\u0119pnej oraz sk\u0142ada\u0107 wnioski \u017c\u0105dania zapewnienia dost\u0119pno\u015bci.\u00a0<\/p><br>\n<h2><span style=\"color: #294a70;font-size:16px\"><b>Informacje na temat procedury skargowo-wnisokowej<\/b><\/span><\/h2><br>\n<ul>\n<li>ka\u017cdy ma prawo do wyst\u0105pienia z \u017c\u0105daniem zapewnienia dost\u0119pno\u015bci cyfrowej strony internetowej,<\/li>\n<li>mo\u017cna za\u017c\u0105da\u0107 udost\u0119pnienia informacji za pomoc\u0105 alternatywnego sposobu dost\u0119pu np. przez odczytanie niedost\u0119pnego cyfrowo dokumentu, opisanie zawarto\u015bci filmu bez audiodeskrypcji,<\/li>\n<li>\u017c\u0105danie powinno zawiera\u0107 dane osoby zg\u0142aszaj\u0105cej \u017c\u0105danie, wskazanie o kt\u00f3r\u0105 stron\u0119 internetow\u0105 chodzi oraz spos\u00f3b kontaktu,<\/li>\n<li>je\u015bli osoba \u017c\u0105daj\u0105ca zg\u0142asza potrzeb\u0119 otrzymania informacji za pomoc\u0105 alternatywnego sposobu dost\u0119pu powinna tak\u017ce okre\u015bli\u0107 dogodny dla niej spos\u00f3b przedstawienia tej informacji,<\/li>\n<li>podmiot zrealizuje \u017c\u0105danie niezw\u0142ocznie, nie p\u00f3\u017aniej ni\u017c w ci\u0105gu 7 dni od dnia wyst\u0105pienia z \u017c\u0105daniem. Je\u015bli dotrzymanie tego terminu nie b\u0119dzie mo\u017cliwe podmiot publiczny niezw\u0142ocznie poinformuje o tym wnosz\u0105cego \u017c\u0105danie, kiedy realizacja \u017c\u0105danie b\u0119dzie mo\u017cliwa, przy czym termin ten nie mo\u017ce by\u0107 d\u0142u\u017cszy ni\u017c dwa miesi\u0105ce od dnia wniesienia \u017c\u0105dania, <\/li>\n<li>je\u015bli zapewnienie dost\u0119pno\u015bci cyfrowej nie jest mo\u017cliwe podmiot  mo\u017ce zaproponowa\u0107 alternatywny spos\u00f3b dost\u0119pu do informacji,<\/li>\n<li>w przypadku, gdy podmiot publiczny odm\u00f3wi realizacji \u017c\u0105dania zapewnienia dost\u0119pno\u015bci lub alternatywnego sposobu dost\u0119pu do informacji, wnosz\u0105cy mo\u017ce z\u0142o\u017cy\u0107 skarg\u0119 w sprawie zapewnienia dost\u0119pno\u015bci cyfrowej strony internetowej,<\/li>\n<li>po wyczerpaniu wskazanej powy\u017cej procedury mo\u017cna tak\u017ce z\u0142o\u017cy\u0107 wniosek do <a href=\"https:\/\/bip.brpo.gov.pl\/\" target=\"blank\">Rzecznika Praw Obywatelskich<\/a>.<\/li>\n<\/ul><br>\n<h2><span style=\"color: #294a70;font-size:16px\"><b>Skargi i odwo\u0142ania<\/b><\/span><\/h2><br>\n<p>Na niedotrzymanie  termin\u00f3w oraz na odmow\u0119 realizacji \u017c\u0105dania mo\u017cna z\u0142o\u017cy\u0107 skarg\u0119  do organu nadzoruj\u0105cego poczt\u0105 lub drog\u0105 elektroniczn\u0105 na adres:<\/p>\n<p>Dyrektor Szko\u0142y Podstawowej nr 2 im. Wojska Polskiego w Przemkowie<\/p>\n<ul>\n<li>adres: ul. Rybna 3a, 59-170 Przemk\u00f3w<\/li>\n<li>e-mail: sp2przemkow@wp.pl<\/li>\n<li>telefon: 76 831 04 20, 793 657 764<\/li>\n<li>fax: 76 831 04 20 <\/li>\n<\/ul>\n<p>Skarg\u0119 mo\u017cna r\u00f3wnie\u017c z\u0142o\u017cy\u0107 do <a href=\"https:\/\/bip.brpo.gov.pl\/\" target=\"blank\">Rzecznika Praw Obywatelskich<\/a><\/p><br>\n<h2><span style=\"color: #294a70;font-size:16px\"><b>Dost\u0119pno\u015b\u0107 architektoniczna<\/b><\/span><\/h2><br>\n<span><ol style=\"text-align: justify;\">\n<li>Budynek posiada dwa wej\u015bcia. Do wej\u015bcia g\u0142\u00f3wnego (od strony ulicy Rybnej) prowadz\u0105 schody, nie ma podjazdu dla os\u00f3b niepe\u0142nosprawnych. Przy drugim wej\u015bciu (od strony boiska) znajduje si\u0119 podjazd dla os\u00f3b niepe\u0142nosprawnych.<\/li>\n<li>W budynku na ka\u017cdym poziomie (parter, 1 pi\u0119tro i piwnica) znajduje si\u0119 korytarz. Budynek nie posiada wind.<\/li>\n<li>Nad wej\u015bciami nie ma g\u0142o\u015bnik\u00f3w systemu naprowadzaj\u0105cego d\u017awi\u0119kowo osoby niewidome i s\u0142abo widz\u0105ce.<\/li>\n<li>Na terenie szko\u0142y nie ma miejsc parkingowych z wydzielonym miejscem dla os\u00f3b niepe\u0142nosprawnych.<\/li>\n<li>Wewn\u0105trz budynku szkolnego nie ma dostosowa\u0144 dla os\u00f3b niepe\u0142nosprawnych (toalety, barierki).<\/li>\n<li>W szkole nie ma mo\u017cliwo\u015bci skorzystania z t\u0142umacza j\u0119zyka migowego.<\/li>\n<\/ol><\/span>\n\t\t\t\t\t\t<\/div>\n\t\t\t\t<\/div>\n\t\t\t\t\t<\/div>\n\t\t<\/div>\n\t\t\t\t\t\t\t<\/div>\n\t\t<\/section>\n\t\t\t\t<section class=\"elementor-section elementor-top-section elementor-element elementor-element-78c38c22 elementor-section-boxed elementor-section-height-default elementor-section-height-default\" data-id=\"78c38c22\" data-element_type=\"section\">\n\t\t\t\t\t\t<div class=\"elementor-container elementor-column-gap-default\">\n\t\t\t\t\t<div class=\"elementor-column elementor-col-100 elementor-top-column elementor-element elementor-element-111e2a2b\" data-id=\"111e2a2b\" data-element_type=\"column\">\n\t\t\t<div class=\"elementor-widget-wrap\">\n\t\t\t\t\t\t\t\t\t<\/div>\n\t\t<\/div>\n\t\t\t\t\t\t\t<\/div>\n\t\t<\/section>\n\t\t\t\t\t\t<\/div>\n\t\t\t\t\t<\/div>\n\t\t","protected":false},"excerpt":{"rendered":"<p>Deklaracja dost\u0119pno\u015bci Wst\u0119p Szko\u0142a Podstawowa nr 2 im. Wojska Polskiego w Przemkowie\u00a0zobowi\u0105zuje si\u0119 zapewni\u0107 dost\u0119pno\u015b\u0107 swojej strony internetowej zgodnie z<\/p>\n","protected":false},"author":1,"featured_media":0,"parent":0,"menu_order":0,"comment_status":"closed","ping_status":"closed","template":"","meta":[],"_links":{"self":[{"href":"https:\/\/sp2przemkow.pl\/index.php?rest_route=\/wp\/v2\/pages\/3802"}],"collection":[{"href":"https:\/\/sp2przemkow.pl\/index.php?rest_route=\/wp\/v2\/pages"}],"about":[{"href":"https:\/\/sp2przemkow.pl\/index.php?rest_route=\/wp\/v2\/types\/page"}],"author":[{"embeddable":true,"href":"https:\/\/sp2przemkow.pl\/index.php?rest_route=\/wp\/v2\/users\/1"}],"replies":[{"embeddable":true,"href":"https:\/\/sp2przemkow.pl\/index.php?rest_route=%2Fwp%2Fv2%2Fcomments&post=3802"}],"version-history":[{"count":24,"href":"https:\/\/sp2przemkow.pl\/index.php?rest_route=\/wp\/v2\/pages\/3802\/revisions"}],"predecessor-version":[{"id":3829,"href":"https:\/\/sp2przemkow.pl\/index.php?rest_route=\/wp\/v2\/pages\/3802\/revisions\/3829"}],"wp:attachment":[{"href":"https:\/\/sp2przemkow.pl\/index.php?rest_route=%2Fwp%2Fv2%2Fmedia&parent=3802"}],"curies":[{"name":"wp","href":"https:\/\/api.w.org\/{rel}","templated":true}]}}