{"id":1714,"date":"2021-04-10T21:34:10","date_gmt":"2021-04-10T21:34:10","guid":{"rendered":"http:\/\/sp2.atthost24.pl\/?page_id=1714"},"modified":"2025-09-15T06:41:39","modified_gmt":"2025-09-15T06:41:39","slug":"biblioteka","status":"publish","type":"page","link":"https:\/\/sp2przemkow.pl\/?page_id=1714","title":{"rendered":"Biblioteka"},"content":{"rendered":"\t\t<div data-elementor-type=\"wp-page\" data-elementor-id=\"1714\" class=\"elementor elementor-1714\" data-elementor-settings=\"[]\">\n\t\t\t\t\t\t\t<div class=\"elementor-section-wrap\">\n\t\t\t\t\t\t\t<section class=\"elementor-section elementor-top-section elementor-element elementor-element-49cfc7d3 elementor-section-boxed elementor-section-height-default elementor-section-height-default\" data-id=\"49cfc7d3\" data-element_type=\"section\">\n\t\t\t\t\t\t<div class=\"elementor-container elementor-column-gap-default\">\n\t\t\t\t\t<div class=\"elementor-column elementor-col-100 elementor-top-column elementor-element elementor-element-1bf6123a\" data-id=\"1bf6123a\" data-element_type=\"column\">\n\t\t\t<div class=\"elementor-widget-wrap elementor-element-populated\">\n\t\t\t\t\t\t\t\t<div class=\"elementor-element elementor-element-626fb278 elementor-widget elementor-widget-heading\" data-id=\"626fb278\" data-element_type=\"widget\" data-widget_type=\"heading.default\">\n\t\t\t\t<div class=\"elementor-widget-container\">\n\t\t\t<h2 class=\"elementor-heading-title elementor-size-default\">Biblioteka<\/h2>\t\t<\/div>\n\t\t\t\t<\/div>\n\t\t\t\t\t<\/div>\n\t\t<\/div>\n\t\t\t\t\t\t\t<\/div>\n\t\t<\/section>\n\t\t\t\t<section class=\"elementor-section elementor-top-section elementor-element elementor-element-1f698906 elementor-section-boxed elementor-section-height-default elementor-section-height-default\" data-id=\"1f698906\" data-element_type=\"section\">\n\t\t\t\t\t\t<div class=\"elementor-container elementor-column-gap-default\">\n\t\t\t\t\t<div class=\"elementor-column elementor-col-100 elementor-top-column elementor-element elementor-element-7a13e31a\" data-id=\"7a13e31a\" data-element_type=\"column\">\n\t\t\t<div class=\"elementor-widget-wrap elementor-element-populated\">\n\t\t\t\t\t\t\t\t<div class=\"elementor-element elementor-element-6b062d7 elementor-widget-divider--view-line elementor-widget elementor-widget-divider\" data-id=\"6b062d7\" data-element_type=\"widget\" data-widget_type=\"divider.default\">\n\t\t\t\t<div class=\"elementor-widget-container\">\n\t\t\t\t\t<div class=\"elementor-divider\">\n\t\t\t<span class=\"elementor-divider-separator\">\n\t\t\t\t\t\t<\/span>\n\t\t<\/div>\n\t\t\t\t<\/div>\n\t\t\t\t<\/div>\n\t\t\t\t\t<\/div>\n\t\t<\/div>\n\t\t\t\t\t\t\t<\/div>\n\t\t<\/section>\n\t\t\t\t<section class=\"elementor-section elementor-top-section elementor-element elementor-element-4b49eb69 elementor-section-boxed elementor-section-height-default elementor-section-height-default\" data-id=\"4b49eb69\" data-element_type=\"section\">\n\t\t\t\t\t\t<div class=\"elementor-container elementor-column-gap-default\">\n\t\t\t\t\t<div class=\"elementor-column elementor-col-100 elementor-top-column elementor-element elementor-element-4fef5c31\" data-id=\"4fef5c31\" data-element_type=\"column\">\n\t\t\t<div class=\"elementor-widget-wrap elementor-element-populated\">\n\t\t\t\t\t\t\t\t<div class=\"elementor-element elementor-element-73c2fea5 elementor-widget elementor-widget-text-editor\" data-id=\"73c2fea5\" data-element_type=\"widget\" data-widget_type=\"text-editor.default\">\n\t\t\t\t<div class=\"elementor-widget-container\">\n\t\t\t\t\t\t\t\t<style>\nli.wykaz {\n    list-style-type: none;\n    list-style-image: url(wp-content\/images\/lista.png);}\n<\/style>\n<p>Nauczyciel bibliotekarz &#8211; <b>mgr Aneta Rosi\u0144ska<\/b><\/p>\n\n<p>Biblioteka jest czynna codziennie w godzinach:<\/p>\n\n<div style=\"white-space:nowrap;width:100%;margin: 0 auto\">\n<div style=\"white-space:nowrap;width:70%;margin: 0 auto\">\n\t<div style=\"float:left; \"><p>poniedzia\u0142ek\u00a0\u00a0\u00a0\u00a0\u00a0<br>wtorek<br>\u015broda<br>czwartek<br>pi\u0105tek<\/p><\/div>\n\t<div style=\"float:left; \"><p> 08:45 &#8211; 11:45<br>10:00 &#8211; 10:45<br>12:00 &#8211; 13:00<br>08:45 &#8211; 11:15<br>11:45 &#8211; 12:30<\/p><\/div>\n\t<div style=\"clear: both\"><\/div>\n<\/div>\n<\/div>\n\n<!--<ul style=\"padding-left:14px\"><b>Z  \u017cycia biblioteki<\/b>:\n<li class=\"wykaz\">pa\u017adziernik 2024 - Dzie\u0144 G\u0142o\u015bnego Czytania w klasach I-III<\/li>\n<\/ul>-->\n\n\t\n\ud83e\udc16 <a href='http:\/\/sp2.atthost24.pl\/wp-content\/uploads\/2021\/04\/regulamin-wypozyczalni.pdf' target='blank'>Regulamin wypo\u017cyczalni<\/span><\/a><br>\t\n\ud83e\udc16 <a href='http:\/\/sp2.atthost24.pl\/wp-content\/uploads\/2021\/04\/regulamin-wypozyczania-1-3.pdf' target='blank'>Regulamin wypo\u017cyczania podr\u0119cznik\u00f3w dla uczni\u00f3w klas 1-3<\/span><\/a><br>\t\n\ud83e\udc16 <a href='http:\/\/sp2.atthost24.pl\/wp-content\/uploads\/2021\/04\/regulamin-wypozyczania-4-8.pdf' target='blank'>Regulamin wypo\u017cyczania podr\u0119cznik\u00f3w dla uczni\u00f3w klas 4-8<\/span><\/a><br><br>\n\n<u>klasy I-III<\/u><br>\n<ol style=\"padding-left:14px\">\n     <li>H. Ch. Andersen, Bas\u0301nie.<\/li>\n     <li>J. Bednarek, Niesamowite przygody dziesie\u0328ciu skarpetek.<\/li>\n     <li>J. Brzechwa, Brzechwa dzieciom.<\/li>\n     <li>W. Cichon\u0301, Cukierku, ty \u0142obuzie!.<\/li>\n     <li>A. Fra\u0328czek, Rany Julek. O tym jak Julian Tuwim zosta\u0142 poeta\u0328.<\/li>\n     <li>M. Jaworczakowa, Oto jest Kasia.<\/li>\n     <li>G. Kasdepke, Detektyw Pozytywka.<\/li>\n\t <li>L. Ko\u0142akowski, Kto z was chcia\u0142by rozweselic\u0301 pechowego nosoroz\u0307ca?.<\/li>\n\t <li>B. Kosmowska, Dziewczynka z parku.<\/li>\n\t <li>M. Kru\u0308ger , Karolcia.<\/li>\n\t <li>A. Lindgren, Dzieci z Bullerbyn.<\/li>\t \n\t <li>H. Lofting, Doktor Dolittle i jego zwierze\u0328ta.<\/li>\n\t <li>M. Pa\u0142asz, Sposo\u0301b na Elfa.<\/li>\n\t <li>J. Papuzin\u0301ska, Asiunia.<\/li>\n\t <li>D. Parlak, Kapelusz Pani Wrony.<\/li>\t\t \n\t <li>R. Pisarski, O psie, kto\u0301ry jez\u0301dzi\u0142 koleja\u0328.<\/li>\n\t <li>J. Porazin\u0301ska, Pamie\u0328tnik Czarnego Noska.<\/li>\n\t <li>M. Terlikowska, Drzewo do samego nieba.<\/li>\n\t <li>J. Tuwim, Wiersze dla dzieci.<\/li>\t \n\t <li>B. Tylicka, O krakowskich psach i kleparskich kotach. Polskie miasta w bas\u0301niach i legendach.<\/li>\n\t <li>D. Wawi\u0142ow, Najpie\u0328kniejsze wiersze.<\/li>\n\t <li>\u0141. Wierzbicki, Afryka Kazika.<\/li>\n\t <li>\u0141. Wierzbicki, Dziadek i niedz\u0301wiadek.<\/li>\t \n\t \n<\/ol>\n<u>klasa IV:<\/u><br>\n<ol style=\"padding-left:14px\">\n     <li>J. Korczakowska, Spotkanie nad morzem.<\/li>\n     <li>J. Brzechwa, Akademia Pana Kleksa.<\/li>\n     <li>F. H. Burnett, Tajemniczy ogr\u00f3d.<\/li>\n     <li>C.S. Lewis, Opowie\u015bci z Narnii. Lew, Czarownica i stara szafa.<\/li>\n<\/ol>\n<u>klasa V:<\/u><br>\n<ol style=\"padding-left:14px\">\n     <li>F. Moln\u00e1r, Ch\u0142opcy z placu broni.<\/li>\n     <li>L.M. Montgomery, Ania z Zielonego Wzg\u00f3rza.<\/li>\n     <li>A. Lindgren, Bracia Lwie Serce.<\/li>\n     <li>H. Sienkiewicz, W pustyni i w puszczy.<\/li>\n<\/ol>\n<u>klasa VI:<\/u><br>\n<ol style=\"padding-left:14px\">\n     <li>R. Kosik, Felix, Net i Nika.<\/li>\n     <li>J.R.R. Tolkien \u201eHobbit, czyli tam i z powrotem.<\/li>\n     <li>I. Jurgielewiczowa, Ten obcy.<\/li>\n     <li>K. Makuszy\u0144ski, Szatan z si\u00f3dmej klasy.<\/li>\n<\/ol>\n<u>klasa VII:<\/u><br>\n<ol style=\"padding-left:14px\">\n     <li>A. de Saint-Exupery, Ma\u0142y Ksi\u0105\u017c\u0119.<\/li>\n     <li>A. Fiedler, Dywizjon 303.<\/li>\n\t <li>A. Fredro, Zemsta.<\/li>\n\t <li>E. Hemingway, Stary cz\u0142owiek i morze.<\/li>\n     <li>Ch. Dickens, Opowie\u015b\u0107 wigilijna.<\/li>\t \n\t <li>H. Sienkiewicz, Latarnik.<\/li>\n     <li>S. \u017beromski, Si\u0142aczka.<\/li>\n<\/ol>\n<u>klasa VIII:<\/u><br>\n<ol style=\"padding-left:14px\">\n     <li>A. Kami\u0144ski, Kamienie na szaniec.<\/li>\n     <li>A. Mickiewicz, Pan Tadeusz.<\/li>\n\t <li>S. \u017beromski, Syzyfowe prace.<\/li>\n\t <li>J. S\u0142owacki, Balladyna.<\/li>\n     <li>E.E. Schmitt, Oskar i pani R\u00f3\u017ca.<\/li>\t \n\t <li>H. Sienkiewicz, Quo vadis.<\/li>\n<\/ol><br>\n\n\n\n\n\t\t\t\t\t\t<\/div>\n\t\t\t\t<\/div>\n\t\t\t\t\t<\/div>\n\t\t<\/div>\n\t\t\t\t\t\t\t<\/div>\n\t\t<\/section>\n\t\t\t\t\t\t<\/div>\n\t\t\t\t\t<\/div>\n\t\t","protected":false},"excerpt":{"rendered":"<p>Biblioteka Nauczyciel bibliotekarz &#8211; mgr Aneta Rosi\u0144ska Biblioteka jest czynna codziennie w godzinach: poniedzia\u0142ek\u00a0\u00a0\u00a0\u00a0\u00a0wtorek\u015brodaczwartekpi\u0105tek 08:45 &#8211; 11:4510:00 &#8211; 10:4512:00 &#8211;<\/p>\n","protected":false},"author":1,"featured_media":0,"parent":0,"menu_order":0,"comment_status":"closed","ping_status":"closed","template":"","meta":[],"_links":{"self":[{"href":"https:\/\/sp2przemkow.pl\/index.php?rest_route=\/wp\/v2\/pages\/1714"}],"collection":[{"href":"https:\/\/sp2przemkow.pl\/index.php?rest_route=\/wp\/v2\/pages"}],"about":[{"href":"https:\/\/sp2przemkow.pl\/index.php?rest_route=\/wp\/v2\/types\/page"}],"author":[{"embeddable":true,"href":"https:\/\/sp2przemkow.pl\/index.php?rest_route=\/wp\/v2\/users\/1"}],"replies":[{"embeddable":true,"href":"https:\/\/sp2przemkow.pl\/index.php?rest_route=%2Fwp%2Fv2%2Fcomments&post=1714"}],"version-history":[{"count":109,"href":"https:\/\/sp2przemkow.pl\/index.php?rest_route=\/wp\/v2\/pages\/1714\/revisions"}],"predecessor-version":[{"id":7724,"href":"https:\/\/sp2przemkow.pl\/index.php?rest_route=\/wp\/v2\/pages\/1714\/revisions\/7724"}],"wp:attachment":[{"href":"https:\/\/sp2przemkow.pl\/index.php?rest_route=%2Fwp%2Fv2%2Fmedia&parent=1714"}],"curies":[{"name":"wp","href":"https:\/\/api.w.org\/{rel}","templated":true}]}}